{"id":10012,"date":"2025-11-08T13:37:02","date_gmt":"2025-11-08T12:37:02","guid":{"rendered":"https:\/\/lesourcil.com\/les-notices\/"},"modified":"2025-12-05T21:56:04","modified_gmt":"2025-12-05T20:56:04","slug":"notices","status":"publish","type":"page","link":"https:\/\/lesourcil.com\/en\/notices\/","title":{"rendered":"Notices"},"content":{"rendered":"<h2 style=\"text-align: center;\">Reveal, shape, perfect:<br \/>\nevery gesture in the Le Sourcil ritual deserves intention.<\/h2>\n<p style=\"text-align: center;\">This page gathers the guides to our tools and formulas, crafted to enhance the natural beauty of your gaze with precision and grace. Discover how each Pencil, Brush and Fixing Gel reveals its true purpose through expert advice, refined technique, and a mindful approach to brow artistry.<br \/>\nBecause elevating the gaze always begins with mastering the gesture.<\/p>\n<p style=\"text-align: center;\"><a href=\"https:\/\/lesourcil.com\/wp-content\/uploads\/2025\/11\/lesourcil-notice-francais.pdf\" target=\"_blank\" rel=\"noopener\">T\u00e9l\u00e9charger la notice en fran\u00e7ais<\/a><\/p>\n<p style=\"text-align: center;\"><a href=\"https:\/\/lesourcil.com\/wp-content\/uploads\/2025\/11\/lesourcil-notice-english.pdf\" target=\"_blank\" rel=\"noopener\">Download the English leaflet<\/a><\/p>\n<p style=\"text-align: center;\"><a href=\"https:\/\/lesourcil.com\/wp-content\/uploads\/2025\/11\/ALLEMAND-Download-the-German-brochure-Laden-Sie-die-deutsche-Broschure-herunter.pdf\">Laden Sie die deutsche Brosch\u00fcre herunter<\/a><\/p>\n<p style=\"text-align: center;\"><a href=\"https:\/\/lesourcil.com\/wp-content\/uploads\/2025\/12\/NEERLANDAIS-De-handleiding-in-het-Nederlands-downloaden.pdf\" target=\"_blank\" rel=\"noopener\"><span class=\"s1\">De handleiding in het Nederlands downloaden<\/span><\/a><\/p>\n<p style=\"text-align: center;\"><a href=\"https:\/\/lesourcil.com\/wp-content\/uploads\/2025\/11\/ESPAGNO-Descargue-el-folleto-en-espanol.pdf\">Descargue el folleto en espa\u00f1ol<\/a><\/p>\n<p style=\"text-align: center;\"><a href=\"https:\/\/lesourcil.com\/wp-content\/uploads\/2025\/12\/PORTUGAIS-Descarregue-a-brochura-em-portugues-.pdf\">Descarregue a brochura em portugue\u0302s<\/a><\/p>\n<p style=\"text-align: center;\"><a href=\"https:\/\/lesourcil.com\/wp-content\/uploads\/2025\/12\/VIETNAMIEN-Tai-xuong-huong-dan-bang-tieng-Viet.pdf\" target=\"_blank\" rel=\"noopener\">Ta\u0309i xuo\u0302\u0301ng hu\u031bo\u031b\u0301ng da\u0302\u0303n ba\u0306\u0300ng tie\u0302\u0301ng Vie\u0323\u0302t<\/a><\/p>\n<p>&nbsp;<\/p>\n<p>&nbsp;<\/p>\n","protected":false},"excerpt":{"rendered":"<p>Reveal, shape, perfect: every gesture in the Le Sourcil ritual deserves intention. This page gathers the guides to our tools and formulas, crafted to enhance the natural beauty of your gaze with precision and grace. Discover how each Pencil, Brush and Fixing Gel reveals its true purpose through expert advice, refined technique, and a mindful [&hellip;]<\/p>\n","protected":false},"author":1,"featured_media":0,"parent":0,"menu_order":0,"comment_status":"closed","ping_status":"closed","template":"notice.php","meta":{"_acf_changed":false,"footnotes":""},"class_list":["post-10012","page","type-page","status-publish","hentry"],"acf":[],"yoast_head":"<!-- This site is optimized with the Yoast SEO plugin v27.3 - https:\/\/yoast.com\/product\/yoast-seo-wordpress\/ -->\n<title>Notices - Le Sourcil<\/title>\n<meta name=\"robots\" content=\"index, follow, max-snippet:-1, max-image-preview:large, max-video-preview:-1\" \/>\n<link rel=\"canonical\" href=\"https:\/\/lesourcil.com\/en\/notices\/\" \/>\n<meta property=\"og:locale\" content=\"en_GB\" \/>\n<meta property=\"og:type\" content=\"article\" \/>\n<meta property=\"og:title\" content=\"Notices - Le Sourcil\" \/>\n<meta property=\"og:description\" content=\"Reveal, shape, perfect: every gesture in the Le Sourcil ritual deserves intention. This page gathers the guides to our tools and formulas, crafted to enhance the natural beauty of your gaze with precision and grace. Discover how each Pencil, Brush and Fixing Gel reveals its true purpose through expert advice, refined technique, and a mindful [&hellip;]\" \/>\n<meta property=\"og:url\" content=\"https:\/\/lesourcil.com\/en\/notices\/\" \/>\n<meta property=\"og:site_name\" content=\"Le Sourcil\" \/>\n<meta property=\"article:modified_time\" content=\"2025-12-05T20:56:04+00:00\" \/>\n<meta name=\"twitter:card\" content=\"summary_large_image\" \/>\n<script type=\"application\/ld+json\" class=\"yoast-schema-graph\">{\"@context\":\"https:\\\/\\\/schema.org\",\"@graph\":[{\"@type\":\"WebPage\",\"@id\":\"https:\\\/\\\/lesourcil.com\\\/en\\\/notices\\\/\",\"url\":\"https:\\\/\\\/lesourcil.com\\\/en\\\/notices\\\/\",\"name\":\"Notices - Le Sourcil\",\"isPartOf\":{\"@id\":\"https:\\\/\\\/lesourcil.com\\\/en\\\/#website\"},\"datePublished\":\"2025-11-08T12:37:02+00:00\",\"dateModified\":\"2025-12-05T20:56:04+00:00\",\"breadcrumb\":{\"@id\":\"https:\\\/\\\/lesourcil.com\\\/en\\\/notices\\\/#breadcrumb\"},\"inLanguage\":\"en-GB\",\"potentialAction\":[{\"@type\":\"ReadAction\",\"target\":[\"https:\\\/\\\/lesourcil.com\\\/en\\\/notices\\\/\"]}]},{\"@type\":\"BreadcrumbList\",\"@id\":\"https:\\\/\\\/lesourcil.com\\\/en\\\/notices\\\/#breadcrumb\",\"itemListElement\":[{\"@type\":\"ListItem\",\"position\":1,\"name\":\"Accueil\",\"item\":\"https:\\\/\\\/lesourcil.com\\\/en\\\/\"},{\"@type\":\"ListItem\",\"position\":2,\"name\":\"Notices\"}]},{\"@type\":\"WebSite\",\"@id\":\"https:\\\/\\\/lesourcil.com\\\/en\\\/#website\",\"url\":\"https:\\\/\\\/lesourcil.com\\\/en\\\/\",\"name\":\"Le Sourcil\",\"description\":\"Par Angelik Iffennecker\",\"publisher\":{\"@id\":\"https:\\\/\\\/lesourcil.com\\\/en\\\/#organization\"},\"potentialAction\":[{\"@type\":\"SearchAction\",\"target\":{\"@type\":\"EntryPoint\",\"urlTemplate\":\"https:\\\/\\\/lesourcil.com\\\/en\\\/?s={search_term_string}\"},\"query-input\":{\"@type\":\"PropertyValueSpecification\",\"valueRequired\":true,\"valueName\":\"search_term_string\"}}],\"inLanguage\":\"en-GB\"},{\"@type\":\"Organization\",\"@id\":\"https:\\\/\\\/lesourcil.com\\\/en\\\/#organization\",\"name\":\"LE SOURCIL\",\"url\":\"https:\\\/\\\/lesourcil.com\\\/en\\\/\",\"logo\":{\"@type\":\"ImageObject\",\"inLanguage\":\"en-GB\",\"@id\":\"https:\\\/\\\/lesourcil.com\\\/en\\\/#\\\/schema\\\/logo\\\/image\\\/\",\"url\":\"https:\\\/\\\/lesourcil.com\\\/wp-content\\\/uploads\\\/2021\\\/11\\\/logo-2.png\",\"contentUrl\":\"https:\\\/\\\/lesourcil.com\\\/wp-content\\\/uploads\\\/2021\\\/11\\\/logo-2.png\",\"width\":234,\"height\":56,\"caption\":\"LE SOURCIL\"},\"image\":{\"@id\":\"https:\\\/\\\/lesourcil.com\\\/en\\\/#\\\/schema\\\/logo\\\/image\\\/\"}}]}<\/script>\n<!-- \/ Yoast SEO plugin. -->","yoast_head_json":{"title":"Notices - Le Sourcil","robots":{"index":"index","follow":"follow","max-snippet":"max-snippet:-1","max-image-preview":"max-image-preview:large","max-video-preview":"max-video-preview:-1"},"canonical":"https:\/\/lesourcil.com\/en\/notices\/","og_locale":"en_GB","og_type":"article","og_title":"Notices - Le Sourcil","og_description":"Reveal, shape, perfect: every gesture in the Le Sourcil ritual deserves intention. This page gathers the guides to our tools and formulas, crafted to enhance the natural beauty of your gaze with precision and grace. Discover how each Pencil, Brush and Fixing Gel reveals its true purpose through expert advice, refined technique, and a mindful [&hellip;]","og_url":"https:\/\/lesourcil.com\/en\/notices\/","og_site_name":"Le Sourcil","article_modified_time":"2025-12-05T20:56:04+00:00","twitter_card":"summary_large_image","schema":{"@context":"https:\/\/schema.org","@graph":[{"@type":"WebPage","@id":"https:\/\/lesourcil.com\/en\/notices\/","url":"https:\/\/lesourcil.com\/en\/notices\/","name":"Notices - Le Sourcil","isPartOf":{"@id":"https:\/\/lesourcil.com\/en\/#website"},"datePublished":"2025-11-08T12:37:02+00:00","dateModified":"2025-12-05T20:56:04+00:00","breadcrumb":{"@id":"https:\/\/lesourcil.com\/en\/notices\/#breadcrumb"},"inLanguage":"en-GB","potentialAction":[{"@type":"ReadAction","target":["https:\/\/lesourcil.com\/en\/notices\/"]}]},{"@type":"BreadcrumbList","@id":"https:\/\/lesourcil.com\/en\/notices\/#breadcrumb","itemListElement":[{"@type":"ListItem","position":1,"name":"Accueil","item":"https:\/\/lesourcil.com\/en\/"},{"@type":"ListItem","position":2,"name":"Notices"}]},{"@type":"WebSite","@id":"https:\/\/lesourcil.com\/en\/#website","url":"https:\/\/lesourcil.com\/en\/","name":"Le Sourcil","description":"Par Angelik Iffennecker","publisher":{"@id":"https:\/\/lesourcil.com\/en\/#organization"},"potentialAction":[{"@type":"SearchAction","target":{"@type":"EntryPoint","urlTemplate":"https:\/\/lesourcil.com\/en\/?s={search_term_string}"},"query-input":{"@type":"PropertyValueSpecification","valueRequired":true,"valueName":"search_term_string"}}],"inLanguage":"en-GB"},{"@type":"Organization","@id":"https:\/\/lesourcil.com\/en\/#organization","name":"LE SOURCIL","url":"https:\/\/lesourcil.com\/en\/","logo":{"@type":"ImageObject","inLanguage":"en-GB","@id":"https:\/\/lesourcil.com\/en\/#\/schema\/logo\/image\/","url":"https:\/\/lesourcil.com\/wp-content\/uploads\/2021\/11\/logo-2.png","contentUrl":"https:\/\/lesourcil.com\/wp-content\/uploads\/2021\/11\/logo-2.png","width":234,"height":56,"caption":"LE SOURCIL"},"image":{"@id":"https:\/\/lesourcil.com\/en\/#\/schema\/logo\/image\/"}}]}},"_links":{"self":[{"href":"https:\/\/lesourcil.com\/en\/wp-json\/wp\/v2\/pages\/10012","targetHints":{"allow":["GET"]}}],"collection":[{"href":"https:\/\/lesourcil.com\/en\/wp-json\/wp\/v2\/pages"}],"about":[{"href":"https:\/\/lesourcil.com\/en\/wp-json\/wp\/v2\/types\/page"}],"author":[{"embeddable":true,"href":"https:\/\/lesourcil.com\/en\/wp-json\/wp\/v2\/users\/1"}],"replies":[{"embeddable":true,"href":"https:\/\/lesourcil.com\/en\/wp-json\/wp\/v2\/comments?post=10012"}],"version-history":[{"count":14,"href":"https:\/\/lesourcil.com\/en\/wp-json\/wp\/v2\/pages\/10012\/revisions"}],"predecessor-version":[{"id":10097,"href":"https:\/\/lesourcil.com\/en\/wp-json\/wp\/v2\/pages\/10012\/revisions\/10097"}],"wp:attachment":[{"href":"https:\/\/lesourcil.com\/en\/wp-json\/wp\/v2\/media?parent=10012"}],"curies":[{"name":"wp","href":"https:\/\/api.w.org\/{rel}","templated":true}]}}